{"id":8452,"date":"2026-01-26T14:10:28","date_gmt":"2026-01-26T14:10:28","guid":{"rendered":"https:\/\/my-re.de\/?page_id=8452"},"modified":"2026-01-29T14:00:45","modified_gmt":"2026-01-29T14:00:45","slug":"team","status":"publish","type":"page","link":"https:\/\/my-re.de\/en\/team\/","title":{"rendered":"Team"},"content":{"rendered":"<div data-elementor-type=\"wp-page\" data-elementor-id=\"8452\" class=\"elementor elementor-8452\">\n\t\t\t\t<div class=\"elementor-element elementor-element-c700cb3 e-flex e-con-boxed e-con e-parent\" data-id=\"c700cb3\" data-element_type=\"container\" data-e-type=\"container\">\n\t\t\t\t\t<div class=\"e-con-inner\">\n\t\t\t\t<div class=\"elementor-element elementor-element-b5dad08 elementor-widget elementor-widget-hub_fancy_heading\" data-id=\"b5dad08\" data-element_type=\"widget\" data-e-type=\"widget\" data-widget_type=\"hub_fancy_heading.default\">\n\t\t\t\t<div class=\"elementor-widget-container\">\n\t\t\t\t\t\n\t\t<div id=\"ld-fancy-heading-69e1821963260\" class=\"ld-fancy-heading pos-rel\">\n\t\t\t<h2 class=\"ld-fh-element d-inline-block pos-rel  elementor-heading-title lqd-highlight-classic lqd-highlight-grow-left h2\"  > Our Team<\/h2>\t\t<\/div>\n\n\t\t\t\t\t\t<\/div>\n\t\t\t\t<\/div>\n\t\t\t\t\t<\/div>\n\t\t\t\t<\/div>\n\t\t\t\t<section class=\"elementor-section elementor-top-section elementor-element elementor-element-be56647 elementor-section-boxed elementor-section-height-default elementor-section-height-default\" data-id=\"be56647\" data-element_type=\"section\" data-e-type=\"section\" data-settings=\"{&quot;background_background&quot;:&quot;classic&quot;}\">\n\t\t\t\t\t\t<div class=\"elementor-container elementor-column-gap-default\">\n\t\t\t\t\t<div class=\"elementor-column elementor-col-50 elementor-top-column elementor-element elementor-element-d6bc47e\" data-id=\"d6bc47e\" data-element_type=\"column\" data-e-type=\"column\">\n\t\t\t<div class=\"elementor-widget-wrap elementor-element-populated\">\n\t\t\t\t\t\t<div class=\"elementor-element elementor-element-592e9be elementor-widget__width-initial elementor-widget elementor-widget-ld_fancy_image\" data-id=\"592e9be\" data-element_type=\"widget\" data-e-type=\"widget\" data-widget_type=\"ld_fancy_image.default\">\n\t\t\t\t<div class=\"elementor-widget-container\">\n\t\t\t\t\t\n\t\t<div class=\"lqd-imggrp-single d-block pos-rel\">\n\t\t\t<div class=\"lqd-imggrp-img-container d-inline-flex pos-rel align-items-center justify-content-center\">\n\t\t\t\t\t\t\t\t<figure class=\"w-100 pos-rel\">\n\t\t\t\t\t<img fetchpriority=\"high\" decoding=\"async\" width=\"1032\" height=\"1280\" src=\"https:\/\/my-re.de\/wp-content\/uploads\/2025\/01\/Sven-Seipp-Large.jpeg\" class=\"attachment-full size-full wp-image-7496\" alt=\"\" srcset=\"https:\/\/my-re.de\/wp-content\/uploads\/2025\/01\/Sven-Seipp-Large.jpeg 1032w, https:\/\/my-re.de\/wp-content\/uploads\/2025\/01\/Sven-Seipp-Large-242x300.jpeg 242w, https:\/\/my-re.de\/wp-content\/uploads\/2025\/01\/Sven-Seipp-Large-826x1024.jpeg 826w, https:\/\/my-re.de\/wp-content\/uploads\/2025\/01\/Sven-Seipp-Large-10x12.jpeg 10w\" sizes=\"(max-width: 1032px) 100vw, 1032px\" itemprop=\"image\" \/>\t\t\t\t\t\t\t\t\t\t\t\t\t\t\t\t\t\t\t\t\t\t\t\t\t\t\t\t\t<\/figure>\n\t\t\t<\/div>\n\t\t<\/div>\n\n\t\t\t\t\t<\/div>\n\t\t\t\t<\/div>\n\t\t\t\t\t<\/div>\n\t\t<\/div>\n\t\t\t\t<div class=\"elementor-column elementor-col-50 elementor-top-column elementor-element elementor-element-2ffc00a\" data-id=\"2ffc00a\" data-element_type=\"column\" data-e-type=\"column\">\n\t\t\t<div class=\"elementor-widget-wrap elementor-element-populated\">\n\t\t\t\t\t\t<div class=\"elementor-element elementor-element-1b740bf elementor-widget elementor-widget-hub_fancy_heading\" data-id=\"1b740bf\" data-element_type=\"widget\" data-e-type=\"widget\" data-widget_type=\"hub_fancy_heading.default\">\n\t\t\t\t<div class=\"elementor-widget-container\">\n\t\t\t\t\t\n\t\t<div id=\"ld-fancy-heading-69e1821964a6a\" class=\"ld-fancy-heading pos-rel\">\n\t\t\t<h6 class=\"ld-fh-element d-inline-block pos-rel  elementor-heading-title lqd-highlight-classic lqd-highlight-grow-left h6\"  > Managing Director<\/h6>\t\t<\/div>\n\n\t\t\t\t\t\t<\/div>\n\t\t\t\t<\/div>\n\t\t\t\t<div class=\"elementor-element elementor-element-cdb7f00 elementor-widget elementor-widget-hub_fancy_heading\" data-id=\"cdb7f00\" data-element_type=\"widget\" data-e-type=\"widget\" data-widget_type=\"hub_fancy_heading.default\">\n\t\t\t\t<div class=\"elementor-widget-container\">\n\t\t\t\t\t\n\t\t<div id=\"ld-fancy-heading-69e1821964fa9\" class=\"ld-fancy-heading pos-rel\">\n\t\t\t<h2 class=\"ld-fh-element d-inline-block pos-rel  elementor-heading-title lqd-highlight-classic lqd-highlight-grow-left h2\"  > Sven <em class=\"h3\" style=\"font-size: inherit\">Seipp<\/em><\/h2>\t\t<\/div>\n\n\t\t\t\t\t\t<\/div>\n\t\t\t\t<\/div>\n\t\t\t\t<div class=\"elementor-element elementor-element-af6a4a5 elementor-widget elementor-widget-hub_fancy_heading\" data-id=\"af6a4a5\" data-element_type=\"widget\" data-e-type=\"widget\" data-widget_type=\"hub_fancy_heading.default\">\n\t\t\t\t<div class=\"elementor-widget-container\">\n\t\t\t\t\t\n\t\t<div id=\"ld-fancy-heading-69e182196554a\" class=\"ld-fancy-heading pos-rel\">\n\t\t\t<p class=\"ld-fh-element d-inline-block pos-rel  lqd-highlight-classic lqd-highlight-grow-left p\"  > Sven Seipp has more than 25 years of experience in project development and urban planning.\nIn senior positions at DIC, GEG, Pecan Development, and Gro\u00df &amp; Partner, he has shaped key Frankfurt landmark projects such as MainTor, Marienturm, and FOUR, thereby significantly influencing Frankfurt\u2019s urban landscape. <\/p>\t\t<\/div>\n\n\t\t\t\t\t\t<\/div>\n\t\t\t\t<\/div>\n\t\t\t\t<div class=\"elementor-element elementor-element-bb6d352 elementor-widget elementor-widget-hub_fancy_heading\" data-id=\"bb6d352\" data-element_type=\"widget\" data-e-type=\"widget\" data-widget_type=\"hub_fancy_heading.default\">\n\t\t\t\t<div class=\"elementor-widget-container\">\n\t\t\t\t\t\n\t\t<div id=\"ld-fancy-heading-69e1821965a61\" class=\"ld-fancy-heading pos-rel\">\n\t\t\t<p class=\"ld-fh-element d-inline-block pos-rel  lqd-highlight-classic lqd-highlight-grow-left p\"  > Thanks to his strong network in Frankfurt and beyond, he combines in-depth market knowledge with strategic insight.\nToday, he contributes this expertise as Managing Director and shareholder of Mykorrhiza Real Estate.<\/p>\t\t<\/div>\n\n\t\t\t\t\t\t<\/div>\n\t\t\t\t<\/div>\n\t\t\t\t\t<\/div>\n\t\t<\/div>\n\t\t\t\t\t<\/div>\n\t\t<\/section>\n\t\t\t\t<section class=\"elementor-section elementor-top-section elementor-element elementor-element-08ad2e6 elementor-reverse-tablet elementor-reverse-mobile elementor-section-boxed elementor-section-height-default elementor-section-height-default\" data-id=\"08ad2e6\" data-element_type=\"section\" data-e-type=\"section\" data-settings=\"{&quot;background_background&quot;:&quot;classic&quot;}\">\n\t\t\t\t\t\t<div class=\"elementor-container elementor-column-gap-default\">\n\t\t\t\t\t<div class=\"elementor-column elementor-col-50 elementor-top-column elementor-element elementor-element-6ef7782\" data-id=\"6ef7782\" data-element_type=\"column\" data-e-type=\"column\">\n\t\t\t<div class=\"elementor-widget-wrap elementor-element-populated\">\n\t\t\t\t\t\t<div class=\"elementor-element elementor-element-f8e5f67 elementor-widget elementor-widget-hub_fancy_heading\" data-id=\"f8e5f67\" data-element_type=\"widget\" data-e-type=\"widget\" data-widget_type=\"hub_fancy_heading.default\">\n\t\t\t\t<div class=\"elementor-widget-container\">\n\t\t\t\t\t\n\t\t<div id=\"ld-fancy-heading-69e1821965f58\" class=\"ld-fancy-heading pos-rel\">\n\t\t\t<h6 class=\"ld-fh-element d-inline-block pos-rel  elementor-heading-title lqd-highlight-classic lqd-highlight-grow-left h6\"  > Managing Director<\/h6>\t\t<\/div>\n\n\t\t\t\t\t\t<\/div>\n\t\t\t\t<\/div>\n\t\t\t\t<div class=\"elementor-element elementor-element-958d31e elementor-widget elementor-widget-hub_fancy_heading\" data-id=\"958d31e\" data-element_type=\"widget\" data-e-type=\"widget\" data-widget_type=\"hub_fancy_heading.default\">\n\t\t\t\t<div class=\"elementor-widget-container\">\n\t\t\t\t\t\n\t\t<div id=\"ld-fancy-heading-69e1821966432\" class=\"ld-fancy-heading pos-rel\">\n\t\t\t<h2 class=\"ld-fh-element d-inline-block pos-rel  elementor-heading-title lqd-highlight-classic lqd-highlight-grow-left h2\"  > Benedict <em class=\"h3\" style=\"font-size: inherit\">Neuwirth<\/em><\/h2>\t\t<\/div>\n\n\t\t\t\t\t\t<\/div>\n\t\t\t\t<\/div>\n\t\t\t\t<div class=\"elementor-element elementor-element-e02935c elementor-widget elementor-widget-hub_fancy_heading\" data-id=\"e02935c\" data-element_type=\"widget\" data-e-type=\"widget\" data-widget_type=\"hub_fancy_heading.default\">\n\t\t\t\t<div class=\"elementor-widget-container\">\n\t\t\t\t\t\n\t\t<div id=\"ld-fancy-heading-69e182196693b\" class=\"ld-fancy-heading pos-rel\">\n\t\t\t<p class=\"ld-fh-element d-inline-block pos-rel  lqd-highlight-classic lqd-highlight-grow-left p\"  > Benedict Neuwirth studied civil engineering with a focus on project management and began his career in project development and control.\nHe was responsible for managing complex high-rise and urban district projects in Frankfurt and other major German cities.<\/p>\t\t<\/div>\n\n\t\t\t\t\t\t<\/div>\n\t\t\t\t<\/div>\n\t\t\t\t<div class=\"elementor-element elementor-element-17f46e0 elementor-widget elementor-widget-hub_fancy_heading\" data-id=\"17f46e0\" data-element_type=\"widget\" data-e-type=\"widget\" data-widget_type=\"hub_fancy_heading.default\">\n\t\t\t\t<div class=\"elementor-widget-container\">\n\t\t\t\t\t\n\t\t<div id=\"ld-fancy-heading-69e1821966e14\" class=\"ld-fancy-heading pos-rel\">\n\t\t\t<p class=\"ld-fh-element d-inline-block pos-rel  lqd-highlight-classic lqd-highlight-grow-left p\"  > His focus lies on project management, cost control, and strategic planning.\nAs Managing Director and shareholder of Mykorrhiza Real Estate, he combines technical expertise with strong commercial insight.<\/p>\t\t<\/div>\n\n\t\t\t\t\t\t<\/div>\n\t\t\t\t<\/div>\n\t\t\t\t\t<\/div>\n\t\t<\/div>\n\t\t\t\t<div class=\"elementor-column elementor-col-50 elementor-top-column elementor-element elementor-element-9237854\" data-id=\"9237854\" data-element_type=\"column\" data-e-type=\"column\">\n\t\t\t<div class=\"elementor-widget-wrap elementor-element-populated\">\n\t\t\t\t\t\t<div class=\"elementor-element elementor-element-7f38232 elementor-widget__width-initial elementor-widget elementor-widget-ld_fancy_image\" data-id=\"7f38232\" data-element_type=\"widget\" data-e-type=\"widget\" data-widget_type=\"ld_fancy_image.default\">\n\t\t\t\t<div class=\"elementor-widget-container\">\n\t\t\t\t\t\n\t\t<div class=\"lqd-imggrp-single d-block pos-rel\">\n\t\t\t<div class=\"lqd-imggrp-img-container d-inline-flex pos-rel align-items-center justify-content-center\">\n\t\t\t\t\t\t\t\t<figure class=\"w-100 pos-rel\">\n\t\t\t\t\t<img decoding=\"async\" width=\"1032\" height=\"1280\" src=\"data:image\/svg+xml;charset=utf-8,%3Csvg xmlns%3D&#039;http%3A%2F%2Fwww.w3.org%2F2000%2Fsvg&#039; viewBox%3D&#039;0 0 1032 1280&#039;%2F%3E\" class=\"attachment-full size-full wp-image-7495 ld-lazyload\" alt=\"\" itemprop=\"image\" data-src=\"https:\/\/my-re.de\/wp-content\/uploads\/2025\/01\/Benedict-Neuwirth-Large.jpeg\" data-srcset=\"https:\/\/my-re.de\/wp-content\/uploads\/2025\/01\/Benedict-Neuwirth-Large.jpeg 1032w, https:\/\/my-re.de\/wp-content\/uploads\/2025\/01\/Benedict-Neuwirth-Large-242x300.jpeg 242w, https:\/\/my-re.de\/wp-content\/uploads\/2025\/01\/Benedict-Neuwirth-Large-826x1024.jpeg 826w, https:\/\/my-re.de\/wp-content\/uploads\/2025\/01\/Benedict-Neuwirth-Large-10x12.jpeg 10w\" data-sizes=\"(max-width: 1032px) 100vw, 1032px\" data-aspect=\"0.80625\" \/>\t\t\t\t\t\t\t\t\t\t\t\t\t\t\t\t\t\t\t\t\t\t\t\t\t\t\t\t\t<\/figure>\n\t\t\t<\/div>\n\t\t<\/div>\n\n\t\t\t\t\t<\/div>\n\t\t\t\t<\/div>\n\t\t\t\t\t<\/div>\n\t\t<\/div>\n\t\t\t\t\t<\/div>\n\t\t<\/section>\n\t\t\t\t<section class=\"elementor-section elementor-top-section elementor-element elementor-element-aa051f6 elementor-section-boxed elementor-section-height-default elementor-section-height-default\" data-id=\"aa051f6\" data-element_type=\"section\" data-e-type=\"section\" data-settings=\"{&quot;background_background&quot;:&quot;classic&quot;}\">\n\t\t\t\t\t\t<div class=\"elementor-container elementor-column-gap-default\">\n\t\t\t\t\t<div class=\"elementor-column elementor-col-50 elementor-top-column elementor-element elementor-element-4153687\" data-id=\"4153687\" data-element_type=\"column\" data-e-type=\"column\">\n\t\t\t<div class=\"elementor-widget-wrap elementor-element-populated\">\n\t\t\t\t\t\t<div class=\"elementor-element elementor-element-4f358f5 elementor-widget__width-initial elementor-widget elementor-widget-ld_fancy_image\" data-id=\"4f358f5\" data-element_type=\"widget\" data-e-type=\"widget\" data-widget_type=\"ld_fancy_image.default\">\n\t\t\t\t<div class=\"elementor-widget-container\">\n\t\t\t\t\t\n\t\t<div class=\"lqd-imggrp-single d-block pos-rel\">\n\t\t\t<div class=\"lqd-imggrp-img-container d-inline-flex pos-rel align-items-center justify-content-center\">\n\t\t\t\t\t\t\t\t<figure class=\"w-100 pos-rel\">\n\t\t\t\t\t<img decoding=\"async\" width=\"1032\" height=\"1280\" src=\"data:image\/svg+xml;charset=utf-8,%3Csvg xmlns%3D&#039;http%3A%2F%2Fwww.w3.org%2F2000%2Fsvg&#039; viewBox%3D&#039;0 0 1032 1280&#039;%2F%3E\" class=\"attachment-full size-full wp-image-7974 ld-lazyload\" alt=\"\" itemprop=\"image\" data-src=\"https:\/\/my-re.de\/wp-content\/uploads\/2025\/10\/JK-Large.jpeg\" data-srcset=\"https:\/\/my-re.de\/wp-content\/uploads\/2025\/10\/JK-Large.jpeg 1032w, https:\/\/my-re.de\/wp-content\/uploads\/2025\/10\/JK-Large-242x300.jpeg 242w, https:\/\/my-re.de\/wp-content\/uploads\/2025\/10\/JK-Large-826x1024.jpeg 826w, https:\/\/my-re.de\/wp-content\/uploads\/2025\/10\/JK-Large-10x12.jpeg 10w\" data-sizes=\"(max-width: 1032px) 100vw, 1032px\" data-aspect=\"0.80625\" \/>\t\t\t\t\t\t\t\t\t\t\t\t\t\t\t\t\t\t\t\t\t\t\t\t\t\t\t\t\t<\/figure>\n\t\t\t<\/div>\n\t\t<\/div>\n\n\t\t\t\t\t<\/div>\n\t\t\t\t<\/div>\n\t\t\t\t\t<\/div>\n\t\t<\/div>\n\t\t\t\t<div class=\"elementor-column elementor-col-50 elementor-top-column elementor-element elementor-element-4af2672\" data-id=\"4af2672\" data-element_type=\"column\" data-e-type=\"column\">\n\t\t\t<div class=\"elementor-widget-wrap elementor-element-populated\">\n\t\t\t\t\t\t<div class=\"elementor-element elementor-element-6af683d elementor-widget elementor-widget-hub_fancy_heading\" data-id=\"6af683d\" data-element_type=\"widget\" data-e-type=\"widget\" data-widget_type=\"hub_fancy_heading.default\">\n\t\t\t\t<div class=\"elementor-widget-container\">\n\t\t\t\t\t\n\t\t<div id=\"ld-fancy-heading-69e182197c4eb\" class=\"ld-fancy-heading pos-rel\">\n\t\t\t<h6 class=\"ld-fh-element d-inline-block pos-rel  elementor-heading-title lqd-highlight-classic lqd-highlight-grow-left h6\"  > Managing Director<\/h6>\t\t<\/div>\n\n\t\t\t\t\t\t<\/div>\n\t\t\t\t<\/div>\n\t\t\t\t<div class=\"elementor-element elementor-element-8f5003d elementor-widget elementor-widget-hub_fancy_heading\" data-id=\"8f5003d\" data-element_type=\"widget\" data-e-type=\"widget\" data-widget_type=\"hub_fancy_heading.default\">\n\t\t\t\t<div class=\"elementor-widget-container\">\n\t\t\t\t\t\n\t\t<div id=\"ld-fancy-heading-69e182197cb9e\" class=\"ld-fancy-heading pos-rel\">\n\t\t\t<h2 class=\"ld-fh-element d-inline-block pos-rel  elementor-heading-title lqd-highlight-classic lqd-highlight-grow-left h2\"  > Julian <em class=\"h3\" style=\"font-size: inherit\">Keetman<\/em><\/h2>\t\t<\/div>\n\n\t\t\t\t\t\t<\/div>\n\t\t\t\t<\/div>\n\t\t\t\t<div class=\"elementor-element elementor-element-180f9ff elementor-widget elementor-widget-hub_fancy_heading\" data-id=\"180f9ff\" data-element_type=\"widget\" data-e-type=\"widget\" data-widget_type=\"hub_fancy_heading.default\">\n\t\t\t\t<div class=\"elementor-widget-container\">\n\t\t\t\t\t\n\t\t<div id=\"ld-fancy-heading-69e182197d16d\" class=\"ld-fancy-heading pos-rel\">\n\t\t\t<p class=\"ld-fh-element d-inline-block pos-rel  lqd-highlight-classic lqd-highlight-grow-left p\"  > Julian Keetman is an architect and project developer with a focus on investment management.\nAfter positions at M\u00e4cker Architekten, omniCon, GEG, and DIC, he was responsible at PGIM Real Estate for the development and repositioning of large-scale projects across Germany\u2019s top five markets.<\/p>\t\t<\/div>\n\n\t\t\t\t\t\t<\/div>\n\t\t\t\t<\/div>\n\t\t\t\t<div class=\"elementor-element elementor-element-3a8079a elementor-widget elementor-widget-hub_fancy_heading\" data-id=\"3a8079a\" data-element_type=\"widget\" data-e-type=\"widget\" data-widget_type=\"hub_fancy_heading.default\">\n\t\t\t\t<div class=\"elementor-widget-container\">\n\t\t\t\t\t\n\t\t<div id=\"ld-fancy-heading-69e182197d6ad\" class=\"ld-fancy-heading pos-rel\">\n\t\t\t<p class=\"ld-fh-element d-inline-block pos-rel  lqd-highlight-classic lqd-highlight-grow-left p\"  > His strength lies in combining technical planning and project experience with a clear investment focus.\nToday, he contributes this added value as Managing Director and shareholder of Mykorrhiza Real Estate.<\/p>\t\t<\/div>\n\n\t\t\t\t\t\t<\/div>\n\t\t\t\t<\/div>\n\t\t\t\t\t<\/div>\n\t\t<\/div>\n\t\t\t\t\t<\/div>\n\t\t<\/section>\n\t\t\t\t<section class=\"elementor-section elementor-top-section elementor-element elementor-element-8430474 elementor-reverse-tablet elementor-reverse-mobile elementor-section-boxed elementor-section-height-default elementor-section-height-default\" data-id=\"8430474\" data-element_type=\"section\" data-e-type=\"section\" data-settings=\"{&quot;background_background&quot;:&quot;classic&quot;}\">\n\t\t\t\t\t\t<div class=\"elementor-container elementor-column-gap-default\">\n\t\t\t\t\t<div class=\"elementor-column elementor-col-50 elementor-top-column elementor-element elementor-element-f288d90\" data-id=\"f288d90\" data-element_type=\"column\" data-e-type=\"column\">\n\t\t\t<div class=\"elementor-widget-wrap elementor-element-populated\">\n\t\t\t\t\t\t<div class=\"elementor-element elementor-element-ab5ad78 elementor-widget elementor-widget-hub_fancy_heading\" data-id=\"ab5ad78\" data-element_type=\"widget\" data-e-type=\"widget\" data-widget_type=\"hub_fancy_heading.default\">\n\t\t\t\t<div class=\"elementor-widget-container\">\n\t\t\t\t\t\n\t\t<div id=\"ld-fancy-heading-69e182197dc2c\" class=\"ld-fancy-heading pos-rel\">\n\t\t\t<h6 class=\"ld-fh-element d-inline-block pos-rel  elementor-heading-title lqd-highlight-classic lqd-highlight-grow-left h6\"  > - Project management<\/h6>\t\t<\/div>\n\n\t\t\t\t\t\t<\/div>\n\t\t\t\t<\/div>\n\t\t\t\t<div class=\"elementor-element elementor-element-9ae570f elementor-widget elementor-widget-hub_fancy_heading\" data-id=\"9ae570f\" data-element_type=\"widget\" data-e-type=\"widget\" data-widget_type=\"hub_fancy_heading.default\">\n\t\t\t\t<div class=\"elementor-widget-container\">\n\t\t\t\t\t\n\t\t<div id=\"ld-fancy-heading-69e182197e15f\" class=\"ld-fancy-heading pos-rel\">\n\t\t\t<h2 class=\"ld-fh-element d-inline-block pos-rel  elementor-heading-title lqd-highlight-classic lqd-highlight-grow-left h2\"  > Jonathan <em class=\"h3\" style=\"font-size: inherit\">Biran<\/em><\/h2>\t\t<\/div>\n\n\t\t\t\t\t\t<\/div>\n\t\t\t\t<\/div>\n\t\t\t\t<div class=\"elementor-element elementor-element-3d0103e elementor-widget elementor-widget-hub_fancy_heading\" data-id=\"3d0103e\" data-element_type=\"widget\" data-e-type=\"widget\" data-widget_type=\"hub_fancy_heading.default\">\n\t\t\t\t<div class=\"elementor-widget-container\">\n\t\t\t\t\t\n\t\t<div id=\"ld-fancy-heading-69e182197e6cd\" class=\"ld-fancy-heading pos-rel\">\n\t\t\t<p class=\"ld-fh-element d-inline-block pos-rel  lqd-highlight-classic lqd-highlight-grow-left p\"  > Jonathan Biran began his career in the real estate industry at project development companies such as Bauwerk Development in Munich and Cube Real Estate in Frankfurt, with a focus on residential and office properties. <\/p>\t\t<\/div>\n\n\t\t\t\t\t\t<\/div>\n\t\t\t\t<\/div>\n\t\t\t\t<div class=\"elementor-element elementor-element-07915e5 elementor-widget elementor-widget-hub_fancy_heading\" data-id=\"07915e5\" data-element_type=\"widget\" data-e-type=\"widget\" data-widget_type=\"hub_fancy_heading.default\">\n\t\t\t\t<div class=\"elementor-widget-container\">\n\t\t\t\t\t\n\t\t<div id=\"ld-fancy-heading-69e182197ebdc\" class=\"ld-fancy-heading pos-rel\">\n\t\t\t<p class=\"ld-fh-element d-inline-block pos-rel  lqd-highlight-classic lqd-highlight-grow-left p\"  > As the first employee of Mykorrhiza Real Estate, he joined the company from the very beginning in project management and has since played a key role in supporting project execution as well as the continued development of the company\u2019s business development activities.<\/p>\t\t<\/div>\n\n\t\t\t\t\t\t<\/div>\n\t\t\t\t<\/div>\n\t\t\t\t\t<\/div>\n\t\t<\/div>\n\t\t\t\t<div class=\"elementor-column elementor-col-50 elementor-top-column elementor-element elementor-element-304e79c\" data-id=\"304e79c\" data-element_type=\"column\" data-e-type=\"column\">\n\t\t\t<div class=\"elementor-widget-wrap elementor-element-populated\">\n\t\t\t\t\t\t<div class=\"elementor-element elementor-element-01e98a7 elementor-widget__width-initial elementor-widget elementor-widget-ld_fancy_image\" data-id=\"01e98a7\" data-element_type=\"widget\" data-e-type=\"widget\" data-widget_type=\"ld_fancy_image.default\">\n\t\t\t\t<div class=\"elementor-widget-container\">\n\t\t\t\t\t\n\t\t<div class=\"lqd-imggrp-single d-block pos-rel\">\n\t\t\t<div class=\"lqd-imggrp-img-container d-inline-flex pos-rel align-items-center justify-content-center\">\n\t\t\t\t\t\t\t\t<figure class=\"w-100 pos-rel\">\n\t\t\t\t\t<img loading=\"lazy\" decoding=\"async\" width=\"1032\" height=\"1280\" src=\"data:image\/svg+xml;charset=utf-8,%3Csvg xmlns%3D&#039;http%3A%2F%2Fwww.w3.org%2F2000%2Fsvg&#039; viewBox%3D&#039;0 0 1032 1280&#039;%2F%3E\" class=\"attachment-full size-full wp-image-7975 ld-lazyload\" alt=\"\" itemprop=\"image\" data-src=\"https:\/\/my-re.de\/wp-content\/uploads\/2025\/10\/JB-Large.jpeg\" data-srcset=\"https:\/\/my-re.de\/wp-content\/uploads\/2025\/10\/JB-Large.jpeg 1032w, https:\/\/my-re.de\/wp-content\/uploads\/2025\/10\/JB-Large-10x12.jpeg 10w\" data-sizes=\"(max-width: 1032px) 100vw, 1032px\" data-aspect=\"0.80625\" \/>\t\t\t\t\t\t\t\t\t\t\t\t\t\t\t\t\t\t\t\t\t\t\t\t\t\t\t\t\t<\/figure>\n\t\t\t<\/div>\n\t\t<\/div>\n\n\t\t\t\t\t<\/div>\n\t\t\t\t<\/div>\n\t\t\t\t\t<\/div>\n\t\t<\/div>\n\t\t\t\t\t<\/div>\n\t\t<\/section>\n\t\t\t\t<\/div>","protected":false},"excerpt":{"rendered":"<p>Unser Team \u2014 Gesch\u00e4ftsf\u00fchrer Sven Seipp Sven Seipp verf\u00fcgt \u00fcber mehr als 25 Jahre Erfahrung in der Projektentwicklung und Stadtplanung. In leitenden Positionen bei DIC, GEG, Pecan Development und Gro\u00df &amp; Partner pr\u00e4gte er zentrale Frankfurter Projekte wie MainTor, Marienturm und FOUR und somit das gesamte Frankfurter Stadtbild. Dank seiner engen Vernetzung in Frankfurt und [&hellip;]<\/p>\n","protected":false},"author":1,"featured_media":0,"parent":0,"menu_order":0,"comment_status":"closed","ping_status":"closed","template":"","meta":{"footnotes":""},"class_list":["post-8452","page","type-page","status-publish","hentry"],"_links":{"self":[{"href":"https:\/\/my-re.de\/en\/wp-json\/wp\/v2\/pages\/8452","targetHints":{"allow":["GET"]}}],"collection":[{"href":"https:\/\/my-re.de\/en\/wp-json\/wp\/v2\/pages"}],"about":[{"href":"https:\/\/my-re.de\/en\/wp-json\/wp\/v2\/types\/page"}],"author":[{"embeddable":true,"href":"https:\/\/my-re.de\/en\/wp-json\/wp\/v2\/users\/1"}],"replies":[{"embeddable":true,"href":"https:\/\/my-re.de\/en\/wp-json\/wp\/v2\/comments?post=8452"}],"version-history":[{"count":17,"href":"https:\/\/my-re.de\/en\/wp-json\/wp\/v2\/pages\/8452\/revisions"}],"predecessor-version":[{"id":8522,"href":"https:\/\/my-re.de\/en\/wp-json\/wp\/v2\/pages\/8452\/revisions\/8522"}],"wp:attachment":[{"href":"https:\/\/my-re.de\/en\/wp-json\/wp\/v2\/media?parent=8452"}],"curies":[{"name":"wp","href":"https:\/\/api.w.org\/{rel}","templated":true}]}}